{"id":710,"date":"2026-02-15T15:07:17","date_gmt":"2026-02-15T14:07:17","guid":{"rendered":"https:\/\/archersdessources.com\/?page_id=710"},"modified":"2026-02-15T16:13:31","modified_gmt":"2026-02-15T15:13:31","slug":"arcs","status":"publish","type":"page","link":"https:\/\/archersdessources.com\/index.php\/arcs\/","title":{"rendered":"Arcs"},"content":{"rendered":"\n<p class=\"has-text-align-center\"><strong>Bien que l&rsquo;on distingue plusieurs armes \u00e0 savoir l&rsquo;arc classique, l&rsquo;arc \u00e0 poulies, l&rsquo;arc nu (barebow), le longbow, l&rsquo;arc chasse (etc), celles-ci d\u00e9coulent la plupart du temps soit de l&rsquo;utilisation d&rsquo;un arc classique soit d&rsquo;un arc \u00e0 poulies. Les r\u00e8glements indiquent quels types d&rsquo;arcs et quels accessoires peuvent ou ne peuvent pas \u00eatre utilis\u00e9s par l&rsquo;archer dans sa discipline.<\/strong> <\/p>\n\n\n\n<p class=\"has-text-align-center\">Cependant, peu importe le type d&rsquo;arc : pour un archer droitier, l&rsquo;arc est tenu dans la main gauche tandis que pour un archer gaucher, l&rsquo;arc est tenu dans la main droite.<\/p>\n\n\n\n<p><\/p>\n\n\n\n<h3 class=\"wp-block-heading\"><mark style=\"background-color:rgba(0, 0, 0, 0)\" class=\"has-inline-color has-secondary-color\"><strong>L&rsquo;arc classique<\/strong><\/mark><\/h3>\n\n\n\n<div class=\"wp-block-columns is-layout-flex wp-container-core-columns-is-layout-28f84493 wp-block-columns-is-layout-flex\">\n<div class=\"wp-block-column is-layout-flow wp-block-column-is-layout-flow\">\n<div class=\"wp-block-columns is-layout-flex wp-container-core-columns-is-layout-28f84493 wp-block-columns-is-layout-flex\">\n<div class=\"wp-block-column is-layout-flow wp-block-column-is-layout-flow\">\n<p>Seule arme autoris\u00e9e aux Jeux Olympiques, l&rsquo;arc classique vous est pr\u00e9sent\u00e9 ci-contre avec tous ses accessoires. A contrario, l&rsquo;arc nu ou barebow est d\u00e9barrass\u00e9 de tous les accessoires : ne restent que la poign\u00e9e, les branches et la corde. \u00c9ventuellement augment\u00e9es de quelques poids, dans la limite de la r\u00e9glementation.<\/p>\n\n\n\n<p><strong>1 : Les branches de l\u2019arc.<\/strong> On distingue la branche sup\u00e9rieure de la branche inf\u00e9rieure. Toute la puissance de l\u2019arc r\u00e9side dans ces deux pi\u00e8ces qui sont ins\u00e9r\u00e9es dans la poign\u00e9e d\u2019arc (4) et d\u00e9montables une fois que l\u2019archer a termin\u00e9 son entrainement ou sa comp\u00e9tition. La puissance et la taille sont variables, adapt\u00e9es \u00e0 la hauteur et \u00e0 la force de l\u2019archer. Elles sont le plus souvent en carbone ou en carbone\/bois.<br><strong>2 : La corde.<\/strong> La taille de la corde est d\u00e9finie en fonction de la taille de l\u2019arc. Une corde peut casser et elle est sensible \u00e0 l\u2019humidit\u00e9 et la chaleur. Il est utile d\u2019en avoir plusieurs de rechange. La mati\u00e8re la plus courante est le \u00ab fast flight \u00bb.<br><strong>3 : Le viseur.<\/strong> Il est plac\u00e9 directement sur la poign\u00e9e d\u2019arc (4). Il comporte un point de mire qui permet \u00e0 l\u2019archer de viser au centre de la cible. Un viseur est r\u00e9glable en hauteur et en lat\u00e9ral pour corriger le tir. La technique est simple, on r\u00e8gle son viseur dans le sens de l\u2019erreur. Il est le plus souvent en carbone et les parties les plus petites sont en aluminium. Poids l\u00e9ger.<br><strong>4 : La poign\u00e9e d\u2019arc.<\/strong> C\u2019est le \u00ab centre n\u00e9vralgique \u00bb de l\u2019arc. Les branches (1) sont ins\u00e9r\u00e9es en haut et en bas, plus le viseur (3), plus le clicker (5), plus le stabilisateur (6). La taille de la poign\u00e9e d\u2019arc est standard dans toutes les marques : 25 ou 27 pouces. La couleur est choisie par l\u2019archer et n\u2019a pas d\u2019incidence sur son tir. La fl\u00e8che repose sur la poign\u00e9e d\u2019arc gr\u00e2ce \u00e0 un repose-fl\u00e8che (invisible sur la photo). On distingue un arc droitier (tel que sur la photo) d\u2019un arc gaucher. L\u2019arc gaucher est sym\u00e9triquement identique. L\u2019archer tient son arc au centre de la poign\u00e9e, par le grip. Sa composition est soit en carbone, soit en alliage aluminium. Son poids va rarement au-del\u00e0 de 1.5 kilos.<br><strong>5 : Le clicker.<\/strong> Un clicker est une petite lame en aluminium sous laquelle l\u2019archer passera sa fl\u00e8che pendant le tir. C\u2019est une sorte de contr\u00f4leur d\u2019allonge. Lorsque l\u2019archer est en position de tir, une fois que la lame retombe, il entendra un \u00ab click \u00bb qui lui indiquera qu\u2019il peut l\u00e2cher la corde. Ainsi, d\u2019une fl\u00e8che \u00e0 l\u2019autre, l\u2019archer exerce la m\u00eame intensit\u00e9 de traction.<br><strong>6 : Le stabilisateur.<\/strong> Il est compos\u00e9 de 3 pi\u00e8ces : un stabilisateur dit \u00ab central \u00bb et deux stabilisateurs dits \u00ab lat\u00e9raux \u00bb. La fonction d\u2019un stabilisateur est double : absorber les vibrations de l\u2019arc lors du d\u00e9part de la fl\u00e8che et stabiliser l\u2019arc lors de la vis\u00e9e. Un stabilisateur est fait de tubes en carbone, d\u2019un diam\u00e8tre n\u2019exc\u00e9dant pas ou rarement 1cm. Le poids d\u2019un stabilisateur est variable d\u2019un archer \u00e0 un autre : on peut retirer ou ajouter \u00e0 volont\u00e9 des masses en aluminium qui se vissent aux extr\u00e9mit\u00e9s.<\/p>\n\n\n\n<p><\/p>\n<\/div>\n\n\n\n<div class=\"wp-block-column is-vertically-aligned-center is-layout-flow wp-block-column-is-layout-flow\">\n<figure class=\"wp-block-image aligncenter size-full\"><img loading=\"lazy\" decoding=\"async\" width=\"549\" height=\"691\" src=\"https:\/\/archersdessources.com\/wp-content\/uploads\/2026\/02\/image-3.png\" alt=\"\" class=\"wp-image-723\" srcset=\"https:\/\/archersdessources.com\/wp-content\/uploads\/2026\/02\/image-3.png 549w, https:\/\/archersdessources.com\/wp-content\/uploads\/2026\/02\/image-3-238x300.png 238w\" sizes=\"auto, (max-width: 549px) 100vw, 549px\" \/><\/figure>\n<\/div>\n<\/div>\n<\/div>\n<\/div>\n\n\n\n<div class=\"wp-block-columns is-layout-flex wp-container-core-columns-is-layout-28f84493 wp-block-columns-is-layout-flex\">\n<div class=\"wp-block-column is-vertically-aligned-center is-layout-flow wp-block-column-is-layout-flow\">\n<figure class=\"wp-block-image aligncenter size-full\"><img loading=\"lazy\" decoding=\"async\" width=\"419\" height=\"541\" src=\"https:\/\/archersdessources.com\/wp-content\/uploads\/2026\/02\/image-4.png\" alt=\"\" class=\"wp-image-725\" srcset=\"https:\/\/archersdessources.com\/wp-content\/uploads\/2026\/02\/image-4.png 419w, https:\/\/archersdessources.com\/wp-content\/uploads\/2026\/02\/image-4-232x300.png 232w\" sizes=\"auto, (max-width: 419px) 100vw, 419px\" \/><\/figure>\n<\/div>\n\n\n\n<div class=\"wp-block-column is-layout-flow wp-block-column-is-layout-flow\">\n<h3 class=\"wp-block-heading\"><mark style=\"background-color:rgba(0, 0, 0, 0)\" class=\"has-inline-color has-secondary-color\"><strong>L&rsquo;arc \u00e0 poulies<\/strong><\/mark><\/h3>\n\n\n\n<p>Pour une meilleure lisibilit\u00e9 des composants techniques, l&rsquo;arc \u00e0 poulies pr\u00e9sent\u00e9 ci-contre est nu. Il ne comporte ni viseur, ni stabilisateur mais ces deux accessoires ont les m\u00eames fonctions que celles pr\u00e9sent\u00e9es pour l&rsquo;arc classique.<\/p>\n\n\n\n<p><strong>1 : Les poulies.<\/strong> A la diff\u00e9rence d&rsquo;un arc classique, la mise en tension d&rsquo;un arc \u00e0 poulies n&rsquo;est pas lin\u00e9aire. Celle-ci passe par un syst\u00e8me de poulies, d\u00e9multiplicateur de puissance ; environ 75% de la puissance de l&rsquo;arc en phase d&rsquo;armement puis 25% restants jusqu&rsquo;\u00e0 la fin de la traction. Lorsque l&rsquo;archer d\u00e9clenche la phase de lib\u00e9ration de corde, l&rsquo;int\u00e9gralit\u00e9 de la puissance de l&rsquo;arc est transmise \u00e0 la fl\u00e8che. A noter que le fonctionnement des poulies doit \u00eatre synchrone.<br><strong>2 : La corde.<\/strong> Un arc \u00e0 poulies comporte une corde. Elle s&rsquo;enroule autour des poulies et sa taille est d\u00e9termin\u00e9e par la hauteur de l&rsquo;arc et la taille des poulies.<br><strong>3 : Les c\u00e2bles.<\/strong> Les c\u00e2bles sont attach\u00e9s aux poulies. Dans la majeure partie des configurations, les poulies viennent en but\u00e9e contre le c\u00e2ble, autrement appel\u00e9 \u00ab\u00a0le mur\u00a0\u00bb.<br><strong>4 : L&rsquo;\u00e9carteur de c\u00e2bles.<\/strong> Autrement appel\u00e9 \u00ab\u00a0guide-c\u00e2bles\u00a0\u00bb, cet accessoire permet \u00e0 la corde et aux c\u00e2bles de ne pas entrer en friction entre eux lors de la phase d&rsquo;armement et de propulsion de la fl\u00e8che.<br><strong>5 : La poign\u00e9e d\u2019arc.<\/strong> C\u2019est le \u00ab centre n\u00e9vralgique \u00bb de l\u2019arc. Les branches (6) sont ins\u00e9r\u00e9es en haut et en bas, plus le viseur, plus le stabilisateur. La fl\u00e8che repose sur la poign\u00e9e d\u2019arc gr\u00e2ce \u00e0 un repose-fl\u00e8che (invisible sur la photo). On distingue un arc droitier (tel que sur la photo) d\u2019un arc gaucher. L\u2019arc gaucher est sym\u00e9triquement identique. L\u2019archer tient son arc au centre de la poign\u00e9e, par le grip. Son poids va rarement au-del\u00e0 de 2 kilos.<br><strong>6 : Les branches de l&rsquo;arc.<\/strong> On distingue la branche sup\u00e9rieure de la branche inf\u00e9rieure. Toute la puissance de l\u2019arc r\u00e9side dans ces deux (ou quatre, en fonction des fabricants) pi\u00e8ces qui sont ins\u00e9r\u00e9es dans la poign\u00e9e d\u2019arc (5). La puissance et la taille sont variables, adapt\u00e9es \u00e0 la hauteur et \u00e0 la force de l\u2019archer. Elles sont le plus souvent en carbone. A noter enfin que les branches de l&rsquo;arc ne se d\u00e9montent pas \u00e0 la fin d&rsquo;un entra\u00eenement ou d&rsquo;une comp\u00e9tition. Sauf lorsque l&rsquo;arc est en maintenance ou en r\u00e9paration.<\/p>\n\n\n\n<p><\/p>\n<\/div>\n<\/div>\n\n\n\n<p><\/p>\n","protected":false},"excerpt":{"rendered":"<p>Bien que l&rsquo;on distingue plusieurs armes \u00e0 savoir l&rsquo;arc classique, l&rsquo;arc \u00e0 poulies, l&rsquo;arc nu (barebow), le longbow, l&rsquo;arc chasse (etc), celles-ci d\u00e9coulent la plupart du temps soit de l&rsquo;utilisation &hellip; <\/p>\n<p class=\"link-more\"><a href=\"https:\/\/archersdessources.com\/index.php\/arcs\/\" class=\"more-link\">Lire la suite de<span class=\"screen-reader-text\">\u00ab\u00a0Arcs\u00a0\u00bb<\/span><\/a><\/p>\n","protected":false},"author":2,"featured_media":0,"parent":0,"menu_order":0,"comment_status":"closed","ping_status":"closed","template":"","meta":{"footnotes":""},"class_list":["post-710","page","type-page","status-publish","hentry"],"_links":{"self":[{"href":"https:\/\/archersdessources.com\/index.php\/wp-json\/wp\/v2\/pages\/710","targetHints":{"allow":["GET"]}}],"collection":[{"href":"https:\/\/archersdessources.com\/index.php\/wp-json\/wp\/v2\/pages"}],"about":[{"href":"https:\/\/archersdessources.com\/index.php\/wp-json\/wp\/v2\/types\/page"}],"author":[{"embeddable":true,"href":"https:\/\/archersdessources.com\/index.php\/wp-json\/wp\/v2\/users\/2"}],"replies":[{"embeddable":true,"href":"https:\/\/archersdessources.com\/index.php\/wp-json\/wp\/v2\/comments?post=710"}],"version-history":[{"count":4,"href":"https:\/\/archersdessources.com\/index.php\/wp-json\/wp\/v2\/pages\/710\/revisions"}],"predecessor-version":[{"id":726,"href":"https:\/\/archersdessources.com\/index.php\/wp-json\/wp\/v2\/pages\/710\/revisions\/726"}],"wp:attachment":[{"href":"https:\/\/archersdessources.com\/index.php\/wp-json\/wp\/v2\/media?parent=710"}],"curies":[{"name":"wp","href":"https:\/\/api.w.org\/{rel}","templated":true}]}}