{"id":733,"date":"2026-02-17T18:43:14","date_gmt":"2026-02-17T17:43:14","guid":{"rendered":"https:\/\/archersdessources.com\/?page_id=733"},"modified":"2026-02-17T18:43:47","modified_gmt":"2026-02-17T17:43:47","slug":"categories-dage","status":"publish","type":"page","link":"https:\/\/archersdessources.com\/index.php\/categories-dage\/","title":{"rendered":"Cat\u00e9gories d&rsquo;\u00e2ge"},"content":{"rendered":"\n<h3 class=\"wp-block-heading\"><mark style=\"background-color:rgba(0, 0, 0, 0)\" class=\"has-inline-color has-secondary-color\">Les diff\u00e9rentes cat\u00e9gories <\/mark> <\/h3>\n\n\n\n<p>La F\u00e9d\u00e9ration Fran\u00e7aise de Tir \u00e0 l&rsquo;Arc&nbsp;reconnait un ensemble de trois grandes cat\u00e9gories de licences&nbsp; : Poussins, Jeunes et Adultes. Ces cat\u00e9gories sont ensuite subdivis\u00e9es en cat\u00e9gories&nbsp;d&rsquo;\u00e2ges,&nbsp;de Poussins \u00e0 Seniors 3 : <\/p>\n\n\n\n<ul class=\"wp-block-list\">\n<li>U11 : 10 ans et moins<\/li>\n\n\n\n<li>U13 : 11 \u00e0 12 ans<\/li>\n\n\n\n<li>U15 : 13 \u00e0 14 ans<\/li>\n\n\n\n<li>U18 : 15 \u00e0 17 ans<\/li>\n\n\n\n<li>U21 : 18 \u00e0 20 ans<\/li>\n\n\n\n<li>S\u00e9nior 1 : 21 \u00e0 39 ans<\/li>\n\n\n\n<li>S\u00e9nior 2 : 40 \u00e0 59 ans<\/li>\n\n\n\n<li>S\u00e9nior 3 : 60 ans et plus<\/li>\n<\/ul>\n","protected":false},"excerpt":{"rendered":"<p>Les diff\u00e9rentes cat\u00e9gories La F\u00e9d\u00e9ration Fran\u00e7aise de Tir \u00e0 l&rsquo;Arc&nbsp;reconnait un ensemble de trois grandes cat\u00e9gories de licences&nbsp; : Poussins, Jeunes et Adultes. Ces cat\u00e9gories sont ensuite subdivis\u00e9es en cat\u00e9gories&nbsp;d&rsquo;\u00e2ges,&nbsp;de &hellip; <\/p>\n<p class=\"link-more\"><a href=\"https:\/\/archersdessources.com\/index.php\/categories-dage\/\" class=\"more-link\">Lire la suite de<span class=\"screen-reader-text\">\u00ab\u00a0Cat\u00e9gories d&rsquo;\u00e2ge\u00a0\u00bb<\/span><\/a><\/p>\n","protected":false},"author":2,"featured_media":0,"parent":0,"menu_order":0,"comment_status":"closed","ping_status":"closed","template":"","meta":{"footnotes":""},"class_list":["post-733","page","type-page","status-publish","hentry"],"_links":{"self":[{"href":"https:\/\/archersdessources.com\/index.php\/wp-json\/wp\/v2\/pages\/733","targetHints":{"allow":["GET"]}}],"collection":[{"href":"https:\/\/archersdessources.com\/index.php\/wp-json\/wp\/v2\/pages"}],"about":[{"href":"https:\/\/archersdessources.com\/index.php\/wp-json\/wp\/v2\/types\/page"}],"author":[{"embeddable":true,"href":"https:\/\/archersdessources.com\/index.php\/wp-json\/wp\/v2\/users\/2"}],"replies":[{"embeddable":true,"href":"https:\/\/archersdessources.com\/index.php\/wp-json\/wp\/v2\/comments?post=733"}],"version-history":[{"count":2,"href":"https:\/\/archersdessources.com\/index.php\/wp-json\/wp\/v2\/pages\/733\/revisions"}],"predecessor-version":[{"id":737,"href":"https:\/\/archersdessources.com\/index.php\/wp-json\/wp\/v2\/pages\/733\/revisions\/737"}],"wp:attachment":[{"href":"https:\/\/archersdessources.com\/index.php\/wp-json\/wp\/v2\/media?parent=733"}],"curies":[{"name":"wp","href":"https:\/\/api.w.org\/{rel}","templated":true}]}}