{"id":742,"date":"2026-02-17T18:59:51","date_gmt":"2026-02-17T17:59:51","guid":{"rendered":"https:\/\/archersdessources.com\/?page_id=742"},"modified":"2026-02-17T19:15:26","modified_gmt":"2026-02-17T18:15:26","slug":"qui-sommes-nous","status":"publish","type":"page","link":"https:\/\/archersdessources.com\/index.php\/qui-sommes-nous\/","title":{"rendered":"Qui sommes-nous ?"},"content":{"rendered":"\n<p>En 2003, Nicole Dauphin et Gilbert Zanella ont d\u00e9cid\u00e9 de cr\u00e9er le club des Archers des Sources. <\/p>\n\n\n\n<p>Affili\u00e9s \u00e0 la FFTA (<a href=\"https:\/\/www.ffta.fr\/\" data-type=\"link\" data-id=\"https:\/\/www.ffta.fr\/\">F\u00e9d\u00e9ration Fran\u00e7aise de Tir \u00e0 l&rsquo;Arc<\/a>), nous sommes un club auvergnat qui a pour vocation essentielle de d\u00e9tecter et d&rsquo;encourager de jeunes talents. Nous avons aussi un noyau d&rsquo;adultes qui se retrouvent autour de leur passion commune. Certains pour le plaisir simple de la pratique et d&rsquo;autres pour le frisson de la comp\u00e9tition !<\/p>\n\n\n\n<p>Notre club compte pr\u00e8s de 75 archers tous les ans \u00e2g\u00e9s de 7 \u00e0 84 ans. <\/p>\n\n\n\n<p><\/p>\n\n\n\n<div class=\"wp-block-columns is-layout-flex wp-container-core-columns-is-layout-28f84493 wp-block-columns-is-layout-flex\">\n<div class=\"wp-block-column is-layout-flow wp-block-column-is-layout-flow\">\n<h3 class=\"wp-block-heading\"><mark style=\"background-color:rgba(0, 0, 0, 0)\" class=\"has-inline-color has-secondary-color\">Notre bureau et CODIR<\/mark><\/h3>\n\n\n\n<p>Voici la composition du bureau :<\/p>\n\n\n\n<ul class=\"wp-block-list\">\n<li>Pr\u00e9sident : Laurent GAILLOT<\/li>\n\n\n\n<li>Vice-pr\u00e9sident : Julien FALEMPIN<\/li>\n\n\n\n<li>Tr\u00e9sorier : Gr\u00e9gory POUZADOUX<\/li>\n\n\n\n<li>Tr\u00e9sorier adjoint : Gilbert ZANELLA<\/li>\n\n\n\n<li>Secr\u00e9taire : Virginie PETITCOLIN<\/li>\n\n\n\n<li>Secr\u00e9taire adjointe : Manon POUZADOUX<\/li>\n<\/ul>\n\n\n\n<p>Compl\u00e9t\u00e9 par les membres du comit\u00e9 directeur :<\/p>\n\n\n\n<p>Fran\u00e7oise DAVAL, St\u00e9phanie LABOISSE, Michel GUYOT, Cl\u00e9ment CORBET, Alban PETITCOLIN<\/p>\n\n\n\n<p>ainsi que deux de nos jeunes : Camille GAILLOT, Arthur LABOISSE<\/p>\n<\/div>\n\n\n\n<div class=\"wp-block-column is-vertically-aligned-center is-layout-flow wp-block-column-is-layout-flow\">\n<figure class=\"wp-block-image size-full is-resized\"><img loading=\"lazy\" decoding=\"async\" width=\"500\" height=\"346\" src=\"https:\/\/archersdessources.com\/wp-content\/uploads\/2026\/02\/logo.jpg\" alt=\"\" class=\"wp-image-757\" style=\"width:482px;height:auto\" srcset=\"https:\/\/archersdessources.com\/wp-content\/uploads\/2026\/02\/logo.jpg 500w, https:\/\/archersdessources.com\/wp-content\/uploads\/2026\/02\/logo-300x208.jpg 300w\" sizes=\"auto, (max-width: 500px) 100vw, 500px\" \/><\/figure>\n<\/div>\n<\/div>\n\n\n\n<p><\/p>\n\n\n\n<p><\/p>\n","protected":false},"excerpt":{"rendered":"<p>En 2003, Nicole Dauphin et Gilbert Zanella ont d\u00e9cid\u00e9 de cr\u00e9er le club des Archers des Sources. Affili\u00e9s \u00e0 la FFTA (F\u00e9d\u00e9ration Fran\u00e7aise de Tir \u00e0 l&rsquo;Arc), nous sommes un &hellip; <\/p>\n<p class=\"link-more\"><a href=\"https:\/\/archersdessources.com\/index.php\/qui-sommes-nous\/\" class=\"more-link\">Lire la suite de<span class=\"screen-reader-text\">\u00ab\u00a0Qui sommes-nous ?\u00a0\u00bb<\/span><\/a><\/p>\n","protected":false},"author":2,"featured_media":0,"parent":0,"menu_order":0,"comment_status":"closed","ping_status":"closed","template":"","meta":{"footnotes":""},"class_list":["post-742","page","type-page","status-publish","hentry"],"_links":{"self":[{"href":"https:\/\/archersdessources.com\/index.php\/wp-json\/wp\/v2\/pages\/742","targetHints":{"allow":["GET"]}}],"collection":[{"href":"https:\/\/archersdessources.com\/index.php\/wp-json\/wp\/v2\/pages"}],"about":[{"href":"https:\/\/archersdessources.com\/index.php\/wp-json\/wp\/v2\/types\/page"}],"author":[{"embeddable":true,"href":"https:\/\/archersdessources.com\/index.php\/wp-json\/wp\/v2\/users\/2"}],"replies":[{"embeddable":true,"href":"https:\/\/archersdessources.com\/index.php\/wp-json\/wp\/v2\/comments?post=742"}],"version-history":[{"count":4,"href":"https:\/\/archersdessources.com\/index.php\/wp-json\/wp\/v2\/pages\/742\/revisions"}],"predecessor-version":[{"id":758,"href":"https:\/\/archersdessources.com\/index.php\/wp-json\/wp\/v2\/pages\/742\/revisions\/758"}],"wp:attachment":[{"href":"https:\/\/archersdessources.com\/index.php\/wp-json\/wp\/v2\/media?parent=742"}],"curies":[{"name":"wp","href":"https:\/\/api.w.org\/{rel}","templated":true}]}}