{"id":749,"date":"2026-02-17T19:00:10","date_gmt":"2026-02-17T18:00:10","guid":{"rendered":"https:\/\/archersdessources.com\/?page_id=749"},"modified":"2026-02-17T19:56:13","modified_gmt":"2026-02-17T18:56:13","slug":"ou-sommes-nous","status":"publish","type":"page","link":"https:\/\/archersdessources.com\/index.php\/ou-sommes-nous\/","title":{"rendered":"O\u00f9 sommes-nous ?"},"content":{"rendered":"\n<p>Nous sommes situ\u00e9s sur les communes de Combronde (pour le tir en salle) et de Saint-Myon (pour le tir ext\u00e9rieur).<\/p>\n\n\n\n<p><\/p>\n\n\n\n<div class=\"wp-block-columns is-layout-flex wp-container-core-columns-is-layout-28f84493 wp-block-columns-is-layout-flex\">\n<div class=\"wp-block-column is-layout-flow wp-block-column-is-layout-flow\">\n<h3 class=\"wp-block-heading alignwide has-text-align-center\"><strong><mark style=\"background-color:rgba(0, 0, 0, 0)\" class=\"has-inline-color has-secondary-color\">Notre salle : le \u00ab\u00a0poulailler\u00a0\u00bb<\/mark> <mark style=\"background-color:rgba(0, 0, 0, 0)\" class=\"has-inline-color has-secondary-color\">\u00e0 Combronde<\/mark><\/strong><\/h3>\n\n\n\n<p>En 2022, nous avons fait l\u2019acquisition d\u2019un ancien poulailler que nous avons r\u00e9nov\u00e9 \u00e0 l\u2019aide de personnes motiv\u00e9es qui nous ont aid\u00e9 \u00e0 r\u00e9aliser ce beau et grand projet.<\/p>\n\n\n\n<p>Nous avons maintenant la possibilit\u00e9 de tirer sur deux pas de tir compos\u00e9 chacun de 6 cibles \u00e0 une distance de 18m, id\u00e9ale pour s&rsquo;entra\u00eener correctement.<\/p>\n\n\n\n<p>L\u2019am\u00e9nagement de notre salle se fait petit \u00e0 petit : d\u00e9but novembre 2025, nous avons am\u00e9lior\u00e9 la qualit\u00e9 de nos installations en posant du gazon synth\u00e9tique sur un des deux pas de tir, pour le plaisir de tous !<\/p>\n<\/div>\n\n\n\n<div class=\"wp-block-column is-layout-flow wp-block-column-is-layout-flow\">\n<h3 class=\"wp-block-heading has-text-align-center\"><strong><mark style=\"background-color:rgba(0, 0, 0, 0)\" class=\"has-inline-color has-secondary-color\">Notre terrain ext\u00e9rieur<\/mark><\/strong> <strong><mark style=\"background-color:rgba(0, 0, 0, 0)\" class=\"has-inline-color has-secondary-color\">\u00e0 Saint-Myon<\/mark><\/strong><\/h3>\n\n\n\n<p>Nous pouvons aussi nous entrainer sur le bord de Morge \u00e0 Saint-Myon gr\u00e2ce \u00e0 notre terrain de 6 cibles \u00e0 diff\u00e9rentes distances (20, 30, 40, 50, 60 et 70m).<\/p>\n\n\n\n<p>Nous disposons \u00e9galement d\u2019un petit parcours campagne d\u2019une dizaine de cibles sur lesquelles nos archers peuvent tirer en condition de comp\u00e9tition, d\u00e9vers et pentes assur\u00e9s !<\/p>\n<\/div>\n<\/div>\n\n\n\n<div class=\"wp-block-columns is-layout-flex wp-container-core-columns-is-layout-28f84493 wp-block-columns-is-layout-flex\">\n<div class=\"wp-block-column is-vertically-aligned-center is-layout-flow wp-block-column-is-layout-flow\">\n<figure class=\"wp-block-image size-full\"><img loading=\"lazy\" decoding=\"async\" width=\"1016\" height=\"573\" src=\"https:\/\/archersdessources.com\/wp-content\/uploads\/2026\/02\/image-6.png\" alt=\"\" class=\"wp-image-764\" srcset=\"https:\/\/archersdessources.com\/wp-content\/uploads\/2026\/02\/image-6.png 1016w, https:\/\/archersdessources.com\/wp-content\/uploads\/2026\/02\/image-6-300x169.png 300w\" sizes=\"auto, (max-width: 1016px) 100vw, 1016px\" \/><\/figure>\n<\/div>\n\n\n\n<div class=\"wp-block-column is-vertically-aligned-center is-layout-flow wp-block-column-is-layout-flow\">\n<div class=\"wp-block-columns is-layout-flex wp-container-core-columns-is-layout-28f84493 wp-block-columns-is-layout-flex\">\n<div class=\"wp-block-column is-layout-flow wp-block-column-is-layout-flow\">\n<div class=\"wp-block-columns are-vertically-aligned-center is-layout-flex wp-container-core-columns-is-layout-28f84493 wp-block-columns-is-layout-flex\">\n<div class=\"wp-block-column is-vertically-aligned-center is-layout-flow wp-block-column-is-layout-flow\">\n<figure class=\"wp-block-image aligncenter size-large is-resized\"><img loading=\"lazy\" decoding=\"async\" width=\"578\" height=\"1024\" src=\"https:\/\/archersdessources.com\/wp-content\/uploads\/2026\/02\/1-2-578x1024.jpg\" alt=\"\" class=\"wp-image-768\" style=\"aspect-ratio:0.5644599183094428;width:186px;height:auto\" srcset=\"https:\/\/archersdessources.com\/wp-content\/uploads\/2026\/02\/1-2-578x1024.jpg 578w, https:\/\/archersdessources.com\/wp-content\/uploads\/2026\/02\/1-2-169x300.jpg 169w, https:\/\/archersdessources.com\/wp-content\/uploads\/2026\/02\/1-2.jpg 1128w\" sizes=\"auto, (max-width: 578px) 100vw, 578px\" \/><\/figure>\n<\/div>\n\n\n\n<div class=\"wp-block-column is-vertically-aligned-center is-layout-flow wp-block-column-is-layout-flow\">\n<figure class=\"wp-block-image aligncenter size-large\"><img loading=\"lazy\" decoding=\"async\" width=\"1024\" height=\"578\" src=\"https:\/\/archersdessources.com\/wp-content\/uploads\/2026\/02\/2-1-1024x578.jpg\" alt=\"\" class=\"wp-image-769\" srcset=\"https:\/\/archersdessources.com\/wp-content\/uploads\/2026\/02\/2-1-1024x578.jpg 1024w, https:\/\/archersdessources.com\/wp-content\/uploads\/2026\/02\/2-1-300x169.jpg 300w, https:\/\/archersdessources.com\/wp-content\/uploads\/2026\/02\/2-1.jpg 2000w\" sizes=\"auto, (max-width: 1024px) 100vw, 1024px\" \/><\/figure>\n<\/div>\n<\/div>\n<\/div>\n<\/div>\n<\/div>\n<\/div>\n\n\n\n<p><\/p>\n","protected":false},"excerpt":{"rendered":"<p>Nous sommes situ\u00e9s sur les communes de Combronde (pour le tir en salle) et de Saint-Myon (pour le tir ext\u00e9rieur). Notre salle : le \u00ab\u00a0poulailler\u00a0\u00bb \u00e0 Combronde En 2022, nous &hellip; <\/p>\n<p class=\"link-more\"><a href=\"https:\/\/archersdessources.com\/index.php\/ou-sommes-nous\/\" class=\"more-link\">Lire la suite de<span class=\"screen-reader-text\">\u00ab\u00a0O\u00f9 sommes-nous ?\u00a0\u00bb<\/span><\/a><\/p>\n","protected":false},"author":2,"featured_media":0,"parent":0,"menu_order":0,"comment_status":"closed","ping_status":"closed","template":"","meta":{"footnotes":""},"class_list":["post-749","page","type-page","status-publish","hentry"],"_links":{"self":[{"href":"https:\/\/archersdessources.com\/index.php\/wp-json\/wp\/v2\/pages\/749","targetHints":{"allow":["GET"]}}],"collection":[{"href":"https:\/\/archersdessources.com\/index.php\/wp-json\/wp\/v2\/pages"}],"about":[{"href":"https:\/\/archersdessources.com\/index.php\/wp-json\/wp\/v2\/types\/page"}],"author":[{"embeddable":true,"href":"https:\/\/archersdessources.com\/index.php\/wp-json\/wp\/v2\/users\/2"}],"replies":[{"embeddable":true,"href":"https:\/\/archersdessources.com\/index.php\/wp-json\/wp\/v2\/comments?post=749"}],"version-history":[{"count":5,"href":"https:\/\/archersdessources.com\/index.php\/wp-json\/wp\/v2\/pages\/749\/revisions"}],"predecessor-version":[{"id":772,"href":"https:\/\/archersdessources.com\/index.php\/wp-json\/wp\/v2\/pages\/749\/revisions\/772"}],"wp:attachment":[{"href":"https:\/\/archersdessources.com\/index.php\/wp-json\/wp\/v2\/media?parent=749"}],"curies":[{"name":"wp","href":"https:\/\/api.w.org\/{rel}","templated":true}]}}