{"id":922,"date":"2026-04-11T13:47:04","date_gmt":"2026-04-11T11:47:04","guid":{"rendered":"https:\/\/archersdessources.com\/?page_id=922"},"modified":"2026-04-11T16:32:06","modified_gmt":"2026-04-11T14:32:06","slug":"nos-dirigeants","status":"publish","type":"page","link":"https:\/\/archersdessources.com\/index.php\/nos-dirigeants\/","title":{"rendered":"Nos dirigeants"},"content":{"rendered":"\n<h3 class=\"wp-block-heading\"><mark style=\"background-color:rgba(0, 0, 0, 0)\" class=\"has-inline-color has-secondary-color\">Notre bureau et CODIR<\/mark><\/h3>\n\n\n\n<p>Notre club est dirig\u00e9 par une \u00e9quipe de b\u00e9n\u00e9voles qui assurent son organisation et son d\u00e9veloppement tout au long de la saison. Par leur engagement et celui des autres membres du club, le bon d\u00e9roulement des activit\u00e9s sportives, des comp\u00e9titions et de la vie associative du club est assur\u00e9 ! Nous veillons \u00e0 proposer un cadre \u00e0 la fois organis\u00e9, convivial et accessible \u00e0 tous les niveaux de pratique ! <\/p>\n\n\n\n<p>Voici les membres du Bureau :<\/p>\n\n\n\n<p><\/p>\n\n\n\n<div class=\"wp-block-columns is-layout-flex wp-container-core-columns-is-layout-28f84493 wp-block-columns-is-layout-flex\">\n<div class=\"wp-block-column is-layout-flow wp-block-column-is-layout-flow\">\n<div class=\"wp-block-columns is-layout-flex wp-container-core-columns-is-layout-28f84493 wp-block-columns-is-layout-flex\">\n<div class=\"wp-block-column is-layout-flow wp-block-column-is-layout-flow\">\n<p class=\"has-text-align-center\"><strong> Pr\u00e9sident<\/strong> <strong>&#8211; <\/strong>       Laurent GAILLOT <\/p>\n<\/div>\n\n\n\n<div class=\"wp-block-column is-layout-flow wp-block-column-is-layout-flow\">\n<p class=\"has-text-align-center\"><strong>Pr\u00e9sident adjoint &#8211;<\/strong>Julien FALEMPIN<\/p>\n<\/div>\n<\/div>\n<\/div>\n\n\n\n<div class=\"wp-block-column is-layout-flow wp-block-column-is-layout-flow\">\n<div class=\"wp-block-columns is-layout-flex wp-container-core-columns-is-layout-28f84493 wp-block-columns-is-layout-flex\">\n<div class=\"wp-block-column is-layout-flow wp-block-column-is-layout-flow\">\n<p class=\"has-text-align-center\"><strong>Tr\u00e9sorier &#8211;<\/strong>         Gr\u00e9gory POUZADOUX<\/p>\n<\/div>\n\n\n\n<div class=\"wp-block-column is-layout-flow wp-block-column-is-layout-flow\">\n<p class=\"has-text-align-center\"><strong>Tr\u00e9sorier adjoint &#8211;<\/strong>        Gilbert ZANELLA<\/p>\n<\/div>\n<\/div>\n<\/div>\n\n\n\n<div class=\"wp-block-column is-layout-flow wp-block-column-is-layout-flow\">\n<div class=\"wp-block-columns is-layout-flex wp-container-core-columns-is-layout-28f84493 wp-block-columns-is-layout-flex\">\n<div class=\"wp-block-column is-layout-flow wp-block-column-is-layout-flow\">\n<p class=\"has-text-align-center\"><strong> Secr\u00e9taire &#8211;<\/strong>          Virginie PETITCOLIN<\/p>\n<\/div>\n\n\n\n<div class=\"wp-block-column is-layout-flow wp-block-column-is-layout-flow\">\n<p class=\"has-text-align-center\"><strong>Secr\u00e9taire adjointe &#8211; <\/strong>Manon POUZADOUX<\/p>\n<\/div>\n<\/div>\n<\/div>\n<\/div>\n\n\n\n<p>Compl\u00e9t\u00e9 par les membres du comit\u00e9 directeur :<\/p>\n\n\n\n<p>Fran\u00e7oise DAVAL, St\u00e9phanie LABOISSE, Michel GUYOT, Cl\u00e9ment CORBET, Alban PETITCOLIN<\/p>\n\n\n\n<p>ainsi que deux de nos jeunes : Camille GAILLOT, Arthur LABOISSE<\/p>\n","protected":false},"excerpt":{"rendered":"<p>Notre bureau et CODIR Notre club est dirig\u00e9 par une \u00e9quipe de b\u00e9n\u00e9voles qui assurent son organisation et son d\u00e9veloppement tout au long de la saison. Par leur engagement et &hellip; <\/p>\n<p class=\"link-more\"><a href=\"https:\/\/archersdessources.com\/index.php\/nos-dirigeants\/\" class=\"more-link\">Lire la suite de<span class=\"screen-reader-text\">\u00ab\u00a0Nos dirigeants\u00a0\u00bb<\/span><\/a><\/p>\n","protected":false},"author":2,"featured_media":0,"parent":0,"menu_order":0,"comment_status":"closed","ping_status":"closed","template":"","meta":{"footnotes":""},"class_list":["post-922","page","type-page","status-publish","hentry"],"_links":{"self":[{"href":"https:\/\/archersdessources.com\/index.php\/wp-json\/wp\/v2\/pages\/922","targetHints":{"allow":["GET"]}}],"collection":[{"href":"https:\/\/archersdessources.com\/index.php\/wp-json\/wp\/v2\/pages"}],"about":[{"href":"https:\/\/archersdessources.com\/index.php\/wp-json\/wp\/v2\/types\/page"}],"author":[{"embeddable":true,"href":"https:\/\/archersdessources.com\/index.php\/wp-json\/wp\/v2\/users\/2"}],"replies":[{"embeddable":true,"href":"https:\/\/archersdessources.com\/index.php\/wp-json\/wp\/v2\/comments?post=922"}],"version-history":[{"count":9,"href":"https:\/\/archersdessources.com\/index.php\/wp-json\/wp\/v2\/pages\/922\/revisions"}],"predecessor-version":[{"id":939,"href":"https:\/\/archersdessources.com\/index.php\/wp-json\/wp\/v2\/pages\/922\/revisions\/939"}],"wp:attachment":[{"href":"https:\/\/archersdessources.com\/index.php\/wp-json\/wp\/v2\/media?parent=922"}],"curies":[{"name":"wp","href":"https:\/\/api.w.org\/{rel}","templated":true}]}}